{"id":92,"date":"2026-02-26T17:44:30","date_gmt":"2026-02-26T16:44:30","guid":{"rendered":"https:\/\/szpitalkrosno.przemyska.pl\/?page_id=92"},"modified":"2026-03-12T19:05:43","modified_gmt":"2026-03-12T18:05:43","slug":"duszpasterstwo","status":"publish","type":"page","link":"https:\/\/szpitalkrosno.przemyska.pl\/index.php\/duszpasterstwo\/","title":{"rendered":"Duszpasterstwo chorych"},"content":{"rendered":"\n<h2 class=\"wp-block-heading\">Pos\u0142uga kapelan\u00f3w<\/h2>\n\n\n\n<p>Choroba i cierpienie s\u0105 cz\u0119sto momentami kryzysu, a tak\u017ce pr\u00f3b\u0105 wiary. Prowokuj\u0105 do pyta\u0144 o sens \u017cycia i zwi\u0105zane z nim najwa\u017cniejsze warto\u015bci. W tych trudnych chwilach Ko\u015bci\u00f3\u0142 trwa przy chorych, obdarzaj\u0105c \u0142ask\u0105 Chrystusa obecnego w sakramentach, liturgii,  modlitwie wstawienniczej i pos\u0142udze duchowego towarzyszenia. Czyni to przez obecno\u015b\u0107 ksi\u0119\u017cy kapelan\u00f3w. Mo\u017cna si\u0119 z nimi kontaktowa\u0107 osobi\u015bcie, w podanych ni\u017cej godzinach, lub telefonicznie. <\/p>\n\n\n\n<p class=\"has-text-align-center has-medium-font-size\" style=\"font-style:normal;font-weight:500;text-transform:none\">ks. Stanis\u0142aw W\u00f3jcik &#8211; tel. +48 606 454 073<br>ks. Krzysztof Rygiel &#8211; tel. +48 696 607 269<\/p>\n\n\n\n<p>W sprawach urz\u0119dowych, jak wystawianie za\u015bwiadcze\u0144 o przyj\u0119ciu sakrament\u00f3w, czy zamawianie intencji Mszy \u015awi\u0119tych prosimy o kontakt osobisty w godzinach od 7.30 do 8.00 oraz po godzinie 14.00 na terenie kaplicy w budynku g\u0142\u00f3wnym szpitala.<\/p>\n\n\n\n<h2 class=\"wp-block-heading\">Odwiedziny chorych<\/h2>\n\n\n\n<p>Ksi\u0119\u017ca kapelani odwiedzaj\u0105 chorych:<\/p>\n\n\n\n<ul class=\"wp-block-list\">\n<li>codziennie podczas wizyty w salach szpitalnych\n<ul class=\"wp-block-list\">\n<li>budynek g\u0142\u00f3wny szpitala:  w godzinach od 6.00 do 8.00 oraz od 14.00 do 18.00<\/li>\n\n\n\n<li>budynek przy ul. Grodzkiej: w godzinach od 9.00 do 12.00 ( w niedziel\u0119 od 13.00 do 14.00 )<\/li>\n<\/ul>\n<\/li>\n\n\n\n<li>w sytuacjach nag\u0142ych o ka\u017cdej porze, na pro\u015bb\u0119 pacjenta lub najbli\u017cszej rodziny<\/li>\n\n\n\n<li>w pozosta\u0142ych przypadkach po wcze\u015bniejszym uzgodnieniu z ksi\u0119dzem kapelanem<\/li>\n<\/ul>\n\n\n\n<p>Codziennie jeden z ksi\u0119\u017cy kapelan\u00f3w pe\u0142ni ca\u0142odobowy dy\u017cur pod numerem telefonu wymienionym powy\u017cej.<\/p>\n\n\n\n<h2 class=\"wp-block-heading has-medium-font-size\">Msze \u015awi\u0119te<\/h2>\n\n\n\n<ul class=\"wp-block-list\">\n<li class=\"has-medium-font-size\">w niedziele i uroczysto\u015bci\n<ul class=\"wp-block-list\">\n<li class=\"has-medium-font-size\"> o godzinie: <strong>6.15<\/strong> i <strong>10.00<\/strong> w kaplicy g\u0142\u00f3wnej<\/li>\n\n\n\n<li class=\"has-medium-font-size\"> o godzinie <strong>14.00<\/strong> w kaplicy przy ul. Grodzkiej<\/li>\n<\/ul>\n<\/li>\n\n\n\n<li class=\"has-medium-font-size\">w dni powszednie o godzinie <strong>15.30<\/strong><\/li>\n<\/ul>\n\n\n\n<h2 class=\"wp-block-heading\">Nabo\u017ce\u0144stwa<\/h2>\n\n\n\n<p>Nabo\u017ce\u0144stwa zwi\u0105zane z okresami roku liturgicznego:<\/p>\n\n\n\n<ul class=\"wp-block-list\">\n<li>okres Wielkiego Postu: Gorzkie \u017bale &#8211; niedziela, godzina 9.30 oraz Droga Krzy\u017cowa &#8211; pi\u0105tek, godzina 15.00<\/li>\n\n\n\n<li>Nabo\u017ce\u0144stwo Majowe: w niedziel\u0119 o godzinie 9.30, w dni powszednie po Mszy \u015awi\u0119tej<\/li>\n\n\n\n<li>Nabo\u017ce\u0144stwo R\u00f3\u017ca\u0144cowe: w niedziel\u0119 o godzinie 9.30. w dni powszednie o godzinie 15.00<\/li>\n<\/ul>\n\n\n\n<p>Pozosta\u0142e nabo\u017ce\u0144stwa wraz z godzinami odprawiania podawane s\u0105 w zak\u0142adce <a href=\"https:\/\/szpitalkrosno.przemyska.pl\/\">Aktualno\u015bci<\/a>.<\/p>\n\n\n\n<h2 class=\"wp-block-heading\">Komunia \u015awi\u0119ta<\/h2>\n\n\n\n<p>Komunia \u015awi\u0119ta udzielana jest wszystkim chorym, kt\u00f3rzy o to poprosz\u0105 i s\u0105 odpowiednio przygotowani. Mo\u017cna j\u0105 przyj\u0105\u0107 podczas wizyty ksi\u0119\u017cy kapelan\u00f3w w salach szpitalnych oraz w kaplicy, podczas Liturgii Eucharystycznej. Umieraj\u0105cym udzielana jest jako <a href=\"https:\/\/szpitalkrosno.przemyska.pl\/index.php\/sakramenty\/\" data-type=\"page\" data-id=\"94\">wiatyk<\/a>.<\/p>\n\n\n\n<p>Podczas wizyty kap\u0142ana z Naj\u015bwi\u0119tszym Sakramentem nale\u017cy zachowa\u0107 cisz\u0119 i skupienie, wy\u0142\u0105czy\u0107 odbiorniki radiowe i telewizyjne. Po przyj\u0119ciu Komunii \u015awi\u0119tej warto przez jaki\u015b czas trwa\u0107 w modlitewnym dzi\u0119kczynieniu. Osoby chore zwolnione s\u0105 z obowi\u0105zku zachowania postu eucharystycznego. Je\u015bli kto\u015b czuje si\u0119 na si\u0142ach, mo\u017ce oczywi\u015bcie ten post zachowa\u0107. Cia\u0142o Chrystusa mo\u017cna przyj\u0105\u0107 w postawie, na jak\u0105 pozwala stan zdrowia, tak\u017ce siedz\u0105cej lub le\u017c\u0105cej. W razie potrzeby Komuni\u0119 \u015awi\u0119t\u0105 mo\u017cna popi\u0107 czyst\u0105 wod\u0105. Gdy istnieje trudno\u015b\u0107 w prze\u0142ykaniu kap\u0142an mo\u017ce udzieli\u0107 odpowiednio mniejszej cz\u0105stki Cia\u0142a Pa\u0144skiego. Nie wolno przyjmowa\u0107 Komunii \u015awi\u0119tej wiedz\u0105c, \u017ce organizm nie jest do tego zdolny i przez to mo\u017ce by\u0107 potraktowana w spos\u00f3b niegodny (brak mo\u017cliwo\u015bci prze\u0142ykania, nudno\u015bci, wymioty itp. ).<\/p>\n\n\n\n<h2 class=\"wp-block-heading\">Sakrament pokuty<\/h2>\n\n\n\n<p>Chorzy mog\u0105 korzysta\u0107 z sakramentu pojednania na w\u0142asn\u0105 pro\u015bb\u0119, podczas codziennej wizyty duszpasterskiej. W zale\u017cno\u015bci od stanu chorego i mo\u017cliwo\u015bci zapewnienia dyskrecji spowied\u017a odbywa si\u0119 przy \u0142\u00f3\u017cku penitenta, lub w innym, dogodnym miejscu na terenie oddzia\u0142u szpitalnego.<\/p>\n\n\n\n<p>Pacjent\u00f3w, kt\u00f3rym stan zdrowia na to pozwala, personel szpitalny i odwiedzaj\u0105cych zach\u0119camy do korzystania ze spowiedzi w kaplicy. Kap\u0142ani pos\u0142uguj\u0105 w konfesjona\u0142ach p\u00f3\u0142 godziny przed ka\u017cd\u0105 Msz\u0105 \u015awi\u0119t\u0105. Dla os\u00f3b niedos\u0142ysz\u0105cych istnieje mo\u017cliwo\u015b\u0107 przyj\u0119cia sakramentu pokuty w zakrystii.<\/p>\n\n\n\n<p>Wi\u0119cej na ten temat mo\u017cna przeczyta\u0107 w zak\u0142adce <a href=\"https:\/\/szpitalkrosno.przemyska.pl\/index.php\/sakramenty\/\" data-type=\"page\" data-id=\"94\">Sakramenty<\/a>.<\/p>\n\n\n\n<h2 class=\"wp-block-heading\">Sakrament namaszczenia chorych<\/h2>\n\n\n\n<p>Sakrament chorych udzielany jest na pro\u015bb\u0119 chorego lub najbli\u017cszej rodziny, je\u017celi sam zainteresowany nie jest w stanie jej wyrazi\u0107 samodzielnie. Osoby, kt\u00f3re s\u0105 w stanie pe\u0142nej \u015bwiadomo\u015bci powinny by\u0107 odpowiednio przygotowane przez wcze\u015bniejsz\u0105 spowied\u017a ( mo\u017cliwe jest to w ramach jednego obrz\u0119du ).<\/p>\n\n\n\n<p>Namaszczenie chorych udzielane jest podczas codziennej wizyty na oddzia\u0142ach szpitalnych oraz w kaplicy, po wcze\u015bniejszym uzgodnieniu z ksi\u0119dzem kapelanem.<\/p>\n\n\n\n<p>Wi\u0119cej na temat sakramentu chorych mo\u017cna przeczyta\u0107 w zak\u0142adce <a href=\"https:\/\/szpitalkrosno.przemyska.pl\/index.php\/sakramenty\/\" data-type=\"page\" data-id=\"94\">Sakramenty<\/a>.<\/p>\n\n\n\n<div style=\"height:30px\" aria-hidden=\"true\" class=\"wp-block-spacer\"><\/div>\n\n\n\n<figure class=\"wp-block-pullquote has-text-align-center has-border-color\" style=\"border-color:#9f9f9f;border-style:solid;font-size:16px\"><blockquote><p>Cierpienie jest w \u015bwiecie po to, a\u017ceby wyzwala\u0142o mi\u0142o\u015b\u0107, a\u017ceby rodzi\u0142o uczynki mi\u0142o\u015bci bli\u017aniego, a\u017ceby ca\u0142\u0105 ludzk\u0105 cywilizacj\u0119 przetwarza\u0142o w cywilizacj\u0119 mi\u0142o\u015bci. W tej mi\u0142o\u015bci zbawczy sens cierpienia wype\u0142nia si\u0119 do ko\u0144ca i osi\u0105ga sw\u00f3j wymiar ostateczny.<\/p><cite>\u015bw. Jan Pawe\u0142 II, List do chorych <em>&#8222;Salvifici doloris&#8221;<\/em>, 1984 r.<\/cite><\/blockquote><\/figure>\n\n\n\n<p><\/p>\n","protected":false},"excerpt":{"rendered":"<p>Pos\u0142uga kapelan\u00f3w Choroba i cierpienie s\u0105 cz\u0119sto momentami kryzysu, a tak\u017ce pr\u00f3b\u0105 wiary. Prowokuj\u0105 do pyta\u0144 o sens \u017cycia i zwi\u0105zane z nim najwa\u017cniejsze warto\u015bci. W tych trudnych chwilach Ko\u015bci\u00f3\u0142 trwa przy chorych, obdarzaj\u0105c \u0142ask\u0105 Chrystusa obecnego w sakramentach, liturgii, modlitwie wstawienniczej i pos\u0142udze duchowego towarzyszenia. Czyni to przez obecno\u015b\u0107 ksi\u0119\u017cy kapelan\u00f3w. Mo\u017cna si\u0119 z [&hellip;]<\/p>\n","protected":false},"author":1,"featured_media":0,"parent":0,"menu_order":0,"comment_status":"closed","ping_status":"closed","template":"","meta":{"ngg_post_thumbnail":0,"footnotes":""},"class_list":["post-92","page","type-page","status-publish","hentry"],"_links":{"self":[{"href":"https:\/\/szpitalkrosno.przemyska.pl\/index.php\/wp-json\/wp\/v2\/pages\/92","targetHints":{"allow":["GET"]}}],"collection":[{"href":"https:\/\/szpitalkrosno.przemyska.pl\/index.php\/wp-json\/wp\/v2\/pages"}],"about":[{"href":"https:\/\/szpitalkrosno.przemyska.pl\/index.php\/wp-json\/wp\/v2\/types\/page"}],"author":[{"embeddable":true,"href":"https:\/\/szpitalkrosno.przemyska.pl\/index.php\/wp-json\/wp\/v2\/users\/1"}],"replies":[{"embeddable":true,"href":"https:\/\/szpitalkrosno.przemyska.pl\/index.php\/wp-json\/wp\/v2\/comments?post=92"}],"version-history":[{"count":30,"href":"https:\/\/szpitalkrosno.przemyska.pl\/index.php\/wp-json\/wp\/v2\/pages\/92\/revisions"}],"predecessor-version":[{"id":208,"href":"https:\/\/szpitalkrosno.przemyska.pl\/index.php\/wp-json\/wp\/v2\/pages\/92\/revisions\/208"}],"wp:attachment":[{"href":"https:\/\/szpitalkrosno.przemyska.pl\/index.php\/wp-json\/wp\/v2\/media?parent=92"}],"curies":[{"name":"wp","href":"https:\/\/api.w.org\/{rel}","templated":true}]}}