{"id":94,"date":"2026-02-26T17:45:43","date_gmt":"2026-02-26T16:45:43","guid":{"rendered":"https:\/\/szpitalkrosno.przemyska.pl\/?page_id=94"},"modified":"2026-03-12T18:03:54","modified_gmt":"2026-03-12T17:03:54","slug":"sakramenty","status":"publish","type":"page","link":"https:\/\/szpitalkrosno.przemyska.pl\/index.php\/sakramenty\/","title":{"rendered":"Sakramenty"},"content":{"rendered":"\n<p>Spo\u015br\u00f3d sakrament\u00f3w Ko\u015bcio\u0142a dla chorych szczeg\u00f3lne znaczenie maj\u0105: sakrament namaszczenia chorych, sakrament pokuty oraz Eucharystia jako wiatyk. Udzielane s\u0105 podczas wizyty ksi\u0119\u017cy kapelan\u00f3w w salach szpitalnych oraz w kaplicy, je\u015bli pozwala na to stan chorego, na pro\u015bb\u0119 samych pacjent\u00f3w lub ich najbli\u017cszej rodziny.<\/p>\n\n\n\n<div data-wp-context=\"{ &quot;autoclose&quot;: false, &quot;accordionItems&quot;: [] }\" data-wp-interactive=\"core\/accordion\" role=\"group\" class=\"wp-block-accordion is-layout-flow wp-block-accordion-is-layout-flow\">\n<div data-wp-class--is-open=\"state.isOpen\" data-wp-context=\"{ &quot;id&quot;: &quot;accordion-item-1&quot;, &quot;openByDefault&quot;: false }\" data-wp-init=\"callbacks.initAccordionItems\" data-wp-on-window--hashchange=\"callbacks.hashChange\" class=\"wp-block-accordion-item is-layout-flow wp-block-accordion-item-is-layout-flow\">\n<h3 id=\"namaszczenie\" class=\"wp-block-accordion-heading has-background\" style=\"background:linear-gradient(0deg,rgb(238,238,238) 0%,rgb(169,184,195) 100%);font-size:20px;text-transform:none\"><button aria-expanded=\"false\" aria-controls=\"accordion-item-1-panel\" data-wp-bind--aria-expanded=\"state.isOpen\" data-wp-on--click=\"actions.toggle\" data-wp-on--keydown=\"actions.handleKeyDown\" id=\"accordion-item-1\" type=\"button\" class=\"wp-block-accordion-heading__toggle\"><span class=\"wp-block-accordion-heading__toggle-title\">Namaszczenie chorych<\/span><span class=\"wp-block-accordion-heading__toggle-icon\" aria-hidden=\"true\">+<\/span><\/button><\/h3>\n\n\n\n<div inert aria-labelledby=\"accordion-item-1\" data-wp-bind--inert=\"!state.isOpen\" id=\"accordion-item-1-panel\" role=\"region\" class=\"wp-block-accordion-panel is-layout-flow wp-block-accordion-panel-is-layout-flow\">\n<p><em>Ko\u015bci\u00f3\u0142 wierzy i wyznaje, \u017ce w\u015br\u00f3d siedmiu sakrament\u00f3w istnieje jeden specjalnie przeznaczony do umocnienia os\u00f3b dotkni\u0119tych chorob\u0105 (&#8230;). \u015awi\u0119te namaszczenie chorych zosta\u0142o ustanowione przez Pana naszego Jezusa Chrystusa jako prawdziwy i w\u0142a\u015bciwy sakrament Nowego Testamentu, o kt\u00f3rym wspomina \u015bw. Marek, lecz poleca go wiernym i og\u0142asza Jakub Aposto\u0142 i brat Pana. KKK 1511<\/em><\/p>\n\n\n\n<p>Szafarzami sakramentu namaszczenia chorych s\u0105 wy\u0142\u0105cznie biskupi i kap\u0142ani. Mo\u017ce by\u0107 udzielany:<\/p>\n\n\n\n<ul class=\"wp-block-list\">\n<li>cierpi\u0105cym z powodu powa\u017cnej choroby lub podesz\u0142ego wieku<\/li>\n\n\n\n<li>przygotowuj\u0105cym si\u0119 do trudnej operacji<\/li>\n\n\n\n<li>znajduj\u0105cym si\u0119 w niebezpiecze\u0144stwie \u015bmierci<\/li>\n\n\n\n<li>pozbawionym \u015bwiadomo\u015bci, je\u015bli mo\u017cna domniemywa\u0107, \u017ce chcieliby go przyj\u0105\u0107<\/li>\n\n\n\n<li>tylko \u017cyj\u0105cym (warunkowo tym, co do kt\u00f3rych istnieje w\u0105tpliwo\u015b\u0107, czy ju\u017c zmarli)<\/li>\n<\/ul>\n\n\n\n<p>Do przyj\u0119cia sakramentu wymagany jest stan \u0142aski u\u015bwi\u0119caj\u0105cej, uzyskany przez uprzednie odbycie sakramentalnej spowiedzi. Mo\u017cna go przyj\u0105\u0107 wielokrotnie, w sytuacji nawrotu choroby po wyzdrowieniu lub pogorszenia stanu chorego. Skutkiem \u0142aski sakramentu jest:<\/p>\n\n\n\n<ul class=\"wp-block-list\">\n<li>zjednoczenie cierpi\u0105cego z m\u0119k\u0105 Chrystusa, dla dobra chorego i ca\u0142ego Ko\u015bcio\u0142a<\/li>\n\n\n\n<li>umocnienie moc\u0105 Ducha \u015awi\u0119tego, pok\u00f3j serca i odwaga, by przyjmowa\u0107 po chrze\u015bcija\u0144sku cierpienia choroby lub staro\u015bci<\/li>\n\n\n\n<li>przebaczenie grzech\u00f3w, je\u015bli chory nie m\u00f3g\u0142 go otrzyma\u0107 przez sakrament pokuty<\/li>\n\n\n\n<li>powr\u00f3t do zdrowia, je\u015bli s\u0142u\u017cy to dobru duchowemu chorego<\/li>\n\n\n\n<li>przygotowanie na przej\u015bcie do \u017cycia wiecznego<\/li>\n<\/ul>\n<\/div>\n<\/div>\n<\/div>\n\n\n\n<div data-wp-context=\"{ &quot;autoclose&quot;: false, &quot;accordionItems&quot;: [] }\" data-wp-interactive=\"core\/accordion\" role=\"group\" class=\"wp-block-accordion is-layout-flow wp-block-accordion-is-layout-flow\">\n<div data-wp-class--is-open=\"state.isOpen\" data-wp-context=\"{ &quot;id&quot;: &quot;accordion-item-2&quot;, &quot;openByDefault&quot;: false }\" data-wp-init=\"callbacks.initAccordionItems\" data-wp-on-window--hashchange=\"callbacks.hashChange\" class=\"wp-block-accordion-item is-layout-flow wp-block-accordion-item-is-layout-flow\">\n<h3 id=\"pokuta\" class=\"wp-block-accordion-heading has-background\" style=\"background:linear-gradient(0deg,rgb(238,238,238) 0%,rgb(169,184,195) 100%);font-size:20px\"><button aria-expanded=\"false\" aria-controls=\"accordion-item-2-panel\" data-wp-bind--aria-expanded=\"state.isOpen\" data-wp-on--click=\"actions.toggle\" data-wp-on--keydown=\"actions.handleKeyDown\" id=\"accordion-item-2\" type=\"button\" class=\"wp-block-accordion-heading__toggle\"><span class=\"wp-block-accordion-heading__toggle-title\">Sakrament pokuty<\/span><span class=\"wp-block-accordion-heading__toggle-icon\" aria-hidden=\"true\">+<\/span><\/button><\/h3>\n\n\n\n<div inert aria-labelledby=\"accordion-item-2\" data-wp-bind--inert=\"!state.isOpen\" id=\"accordion-item-2-panel\" role=\"region\" class=\"wp-block-accordion-panel is-layout-flow wp-block-accordion-panel-is-layout-flow\">\n<p><em>W \u015bwietle wiary nie ma wi\u0119kszego z\u0142a ni\u017c grzech i nic innego nie powoduje gorszych skutk\u00f3w dla samych grzesznik\u00f3w, dla Ko\u015bcio\u0142a i ca\u0142ego \u015bwiata. KKK 1488<\/em><\/p>\n\n\n\n<p>Prawda ta wynika z ca\u0142ego przekazu Objawienia. Wyra\u017anie za\u015b zaznaczona jest w post\u0119powaniu Chrystusa wobec chorych. Zanim dokona\u0142o si\u0119 uzdrowienie cia\u0142a cierpi\u0105cy cz\u0142owiek wzywany by\u0142 do nawr\u00f3cenia serca i obdarzany \u0142ask\u0105 uwolnienia od grzech\u00f3w. W wielu przypadkach widoczny by\u0142 wyra\u017any zwi\u0105zek mi\u0119dzy stanem ducha cierpi\u0105cego cz\u0142owieka a zdrowiem jego cia\u0142a. Dlatego te\u017c w Tradycji Ko\u015bcio\u0142a pro\u015bba o Bo\u017ce Mi\u0142osierdzie dla chorego zawsze poprzedza wszystkie inne.<\/p>\n\n\n\n<p><em>Droga powrotu do Boga, nazywana nawr\u00f3ceniem i \u017calem, zak\u0142ada b\u00f3l i odwr\u00f3cenie si\u0119 od pope\u0142nionych grzech\u00f3w oraz mocne postanowienie niegrzeszenia w przysz\u0142o\u015bci. (&#8230;) \u0179r\u00f3d\u0142em nawr\u00f3cenia jest nadzieja na mi\u0142osierdzie Bo\u017ce. KKK 1490<\/em><\/p>\n\n\n\n<p>Do przyj\u0119cia sakramentu pokuty potrzebne jest przygotowanie w postaci rachunku sumienia. Na sakramentaln\u0105 spowied\u017a sk\u0142ada si\u0119 ze strony penitenta: \u017cal za grzechy, postanowienie poprawy i wype\u0142nienia zado\u015b\u0107uczynienia oraz szczere wyznanie wszystkich grzech\u00f3w ci\u0119\u017ckich. Dla dobra duchowego Ko\u015bci\u00f3\u0142 zaleca tak\u017ce wyznawanie grzech\u00f3w powszednich. Spowiednik udziela przebaczenia grzech\u00f3w w imieniu Chrystusa oraz zadaje wype\u0142nienie uczynk\u00f3w pokutnych, kt\u00f3re maj\u0105 pom\u00f3c w naprawieniu szk\u00f3d spowodowanych przez grzech.<\/p>\n\n\n\n<p>Skutki duchowe sakramentu pokuty to:<\/p>\n\n\n\n<ul class=\"wp-block-list\">\n<li>pojednanie z Bogiem i Ko\u015bcio\u0142em oraz odzyskanie stanu \u0142aski u\u015bwi\u0119caj\u0105cej<\/li>\n\n\n\n<li>darowanie kary wiecznej spowodowanej przez grzechy \u015bmiertelne<\/li>\n\n\n\n<li>darowanie, przynajmniej cz\u0119\u015bciowe, kar doczesnych, b\u0119d\u0105cych skutkiem grzechu<\/li>\n\n\n\n<li>pok\u00f3j i pogoda sumienia oraz pociecha duchowa<\/li>\n\n\n\n<li>wzrost si\u0142 duchowych do walki o wytrwanie w dobrym i wieczne zbawienie<\/li>\n<\/ul>\n<\/div>\n<\/div>\n<\/div>\n\n\n\n<div data-wp-context=\"{ &quot;autoclose&quot;: false, &quot;accordionItems&quot;: [] }\" data-wp-interactive=\"core\/accordion\" role=\"group\" class=\"wp-block-accordion is-layout-flow wp-block-accordion-is-layout-flow\">\n<div data-wp-class--is-open=\"state.isOpen\" data-wp-context=\"{ &quot;id&quot;: &quot;accordion-item-3&quot;, &quot;openByDefault&quot;: false }\" data-wp-init=\"callbacks.initAccordionItems\" data-wp-on-window--hashchange=\"callbacks.hashChange\" class=\"wp-block-accordion-item is-layout-flow wp-block-accordion-item-is-layout-flow\">\n<h3 id=\"wiatyk\" class=\"wp-block-accordion-heading has-background has-medium-font-size\" style=\"background:linear-gradient(0deg,rgb(238,238,238) 0%,rgb(169,184,195) 100%)\"><button aria-expanded=\"false\" aria-controls=\"accordion-item-3-panel\" data-wp-bind--aria-expanded=\"state.isOpen\" data-wp-on--click=\"actions.toggle\" data-wp-on--keydown=\"actions.handleKeyDown\" id=\"accordion-item-3\" type=\"button\" class=\"wp-block-accordion-heading__toggle\"><span class=\"wp-block-accordion-heading__toggle-title\">Eucharystia jako wiatyk<\/span><span class=\"wp-block-accordion-heading__toggle-icon\" aria-hidden=\"true\">+<\/span><\/button><\/h3>\n\n\n\n<div inert aria-labelledby=\"accordion-item-3\" data-wp-bind--inert=\"!state.isOpen\" id=\"accordion-item-3-panel\" role=\"region\" class=\"wp-block-accordion-panel is-layout-flow wp-block-accordion-panel-is-layout-flow\">\n<p><em>Tym, kt\u00f3rzy ko\u0144cz\u0105 swoje ziemskie \u017cycie, Ko\u015bci\u00f3\u0142 poza namaszczeniem chorych ofiaruje Eucharysti\u0119 jako wiatyk. Przyj\u0119cie Komunii Cia\u0142a i Krwi Chrystusa w chwili przej\u015bcia do Ojca ma szczeg\u00f3lne znaczenie i wag\u0119. Zgodnie ze s\u0142owami Pana Eucharystia jest zacz\u0105tkiem \u017cycia wiecznego i mocy zmartwychwstania: &#8222;Kto spo\u017cywa moje Cia\u0142o i pije moj\u0105 Krew, ma \u017cycie wieczne, a Ja go wskrzesz\u0119 w dniu ostatecznym&#8221; (J 6, 54). Jako sakrament Chrystusa, kt\u00f3ry umar\u0142 i zmartwychwsta\u0142, jest ona sakramentem przej\u015bcia ze \u015bmierci do \u017cycia, przej\u015bcia z tego \u015bwiata do Ojca. KKK 1524<\/em><\/p>\n\n\n\n<p>Komunia \u015awi\u0119ta udzielana jest wszystkim chorym, kt\u00f3rzy o to poprosz\u0105 i s\u0105 odpowiednio przygotowani przez wcze\u015bniejsze odbycie spowiedzi. Umieraj\u0105cym kap\u0142an mo\u017ce, w\u0142adz\u0105 otrzymana od Stolicy Apostolskiej, udzieli\u0107 odpustu zupe\u0142nego na godzin\u0119 \u015bmierci. Wiatyk przyjmuj\u0105 chorzy, kt\u00f3rych \u017cycie w widoczny spos\u00f3b dobiega kresu. Musz\u0105 by\u0107 jednak w stanie psychofizycznym pozwalaj\u0105cym na godne udzielenie im Cia\u0142a Chrystusa. Dlatego te\u017c nie nale\u017cy niepotrzebnie odk\u0142ada\u0107 tego momentu, by umieraj\u0105cy m\u00f3g\u0142 w stanie pe\u0142nej \u015bwiadomo\u015bci zosta\u0107 umocniony Bo\u017c\u0105 \u0142ask\u0105 na drog\u0119 ku wieczno\u015bci.<\/p>\n<\/div>\n<\/div>\n<\/div>\n\n\n\n<p><\/p>\n","protected":false},"excerpt":{"rendered":"<p>Spo\u015br\u00f3d sakrament\u00f3w Ko\u015bcio\u0142a dla chorych szczeg\u00f3lne znaczenie maj\u0105: sakrament namaszczenia chorych, sakrament pokuty oraz Eucharystia jako wiatyk. Udzielane s\u0105 podczas wizyty ksi\u0119\u017cy kapelan\u00f3w w salach szpitalnych oraz w kaplicy, je\u015bli pozwala na to stan chorego, na pro\u015bb\u0119 samych pacjent\u00f3w lub ich najbli\u017cszej rodziny.<\/p>\n","protected":false},"author":1,"featured_media":0,"parent":0,"menu_order":0,"comment_status":"closed","ping_status":"closed","template":"","meta":{"ngg_post_thumbnail":0,"footnotes":""},"class_list":["post-94","page","type-page","status-publish","hentry"],"_links":{"self":[{"href":"https:\/\/szpitalkrosno.przemyska.pl\/index.php\/wp-json\/wp\/v2\/pages\/94","targetHints":{"allow":["GET"]}}],"collection":[{"href":"https:\/\/szpitalkrosno.przemyska.pl\/index.php\/wp-json\/wp\/v2\/pages"}],"about":[{"href":"https:\/\/szpitalkrosno.przemyska.pl\/index.php\/wp-json\/wp\/v2\/types\/page"}],"author":[{"embeddable":true,"href":"https:\/\/szpitalkrosno.przemyska.pl\/index.php\/wp-json\/wp\/v2\/users\/1"}],"replies":[{"embeddable":true,"href":"https:\/\/szpitalkrosno.przemyska.pl\/index.php\/wp-json\/wp\/v2\/comments?post=94"}],"version-history":[{"count":22,"href":"https:\/\/szpitalkrosno.przemyska.pl\/index.php\/wp-json\/wp\/v2\/pages\/94\/revisions"}],"predecessor-version":[{"id":188,"href":"https:\/\/szpitalkrosno.przemyska.pl\/index.php\/wp-json\/wp\/v2\/pages\/94\/revisions\/188"}],"wp:attachment":[{"href":"https:\/\/szpitalkrosno.przemyska.pl\/index.php\/wp-json\/wp\/v2\/media?parent=94"}],"curies":[{"name":"wp","href":"https:\/\/api.w.org\/{rel}","templated":true}]}}