{"id":96,"date":"2026-02-26T17:47:48","date_gmt":"2026-02-26T16:47:48","guid":{"rendered":"https:\/\/szpitalkrosno.przemyska.pl\/?page_id=96"},"modified":"2026-03-13T18:20:26","modified_gmt":"2026-03-13T17:20:26","slug":"kaplica","status":"publish","type":"page","link":"https:\/\/szpitalkrosno.przemyska.pl\/index.php\/kaplica\/","title":{"rendered":"Kaplice"},"content":{"rendered":"\n<h2 class=\"wp-block-heading\">Kaplica pod wezwaniem Matki Bo\u017cej Cz\u0119stochowskiej w budynku g\u0142\u00f3wnym szpitala<\/h2>\n\n\n\n<div class=\"wp-block-media-text is-stacked-on-mobile is-vertically-aligned-top is-image-fill-element\"><figure class=\"wp-block-media-text__media\"><img loading=\"lazy\" decoding=\"async\" width=\"1024\" height=\"683\" src=\"https:\/\/szpitalkrosno.przemyska.pl\/wp-content\/uploads\/2026\/03\/kaplica_main.jpg\" alt=\"\" class=\"wp-image-141 size-full\" style=\"object-position:50% 50%\" srcset=\"https:\/\/szpitalkrosno.przemyska.pl\/wp-content\/uploads\/2026\/03\/kaplica_main.jpg 1024w, https:\/\/szpitalkrosno.przemyska.pl\/wp-content\/uploads\/2026\/03\/kaplica_main-300x200.jpg 300w, https:\/\/szpitalkrosno.przemyska.pl\/wp-content\/uploads\/2026\/03\/kaplica_main-768x512.jpg 768w, https:\/\/szpitalkrosno.przemyska.pl\/wp-content\/uploads\/2026\/03\/kaplica_main-624x416.jpg 624w\" sizes=\"auto, (max-width: 1024px) 100vw, 1024px\" \/><\/figure><div class=\"wp-block-media-text__content\">\n<p>Kaplica zosta\u0142a oddana do u\u017cytku w 1996 roku, po uko\u0144czeniu budowy nowego szpitala. Po\u015bwi\u0119cenia dokona\u0142 \u00f3wczesny ks. dziekan Tadeusz Buchowski, tu\u017c przed Uroczysto\u015bci\u0105 Bo\u017cego Narodzenia. Wystr\u00f3j \u015bwi\u0105tyni zosta\u0142 zaprojektowany przez s\u0105siad\u00f3w szpitala, artyst\u00f3w malarzy Pa\u0144stwo Palusi\u0144skich. Ich dzie\u0142o to tak\u017ce kopia obrazu Matki Boskiej Cz\u0119stochowskiej, podarowana przez budowniczych kro\u015bnie\u0144skiej lecznicy. Obraz zosta\u0142 po\u015bwi\u0119cony przez papie\u017ca \u015bw. Jana Paw\u0142a II podczas Mszy \u015awi\u0119tej kanonizacyjnej na kro\u015bnie\u0144skim lotnisku, w dniu 10 czerwca 1997 roku. <\/p>\n<\/div><\/div>\n\n\n\n<p>Obecnie kaplica jest g\u0142\u00f3wnym miejscem sprawowania Liturgii Eucharystycznej, nabo\u017ce\u0144stw i sakrament\u00f3w oraz innych form duchowego towarzyszenia chorym. To miejsce modlitwy dla pacjent\u00f3w, personelu i odwiedzaj\u0105cych szpital, dost\u0119pne przez ca\u0142\u0105 dob\u0119. Znajduje si\u0119 na parterze budynku A, obok wej\u015bcia na Oddzia\u0142 Urologii i Urologii Onkologicznej.<\/p>\n\n\n\n<div style=\"height:10px\" aria-hidden=\"true\" class=\"wp-block-spacer\"><\/div>\n\n\n\n<h2 class=\"wp-block-heading\">Kaplica pod wezwaniem Matki Bo\u017cej Cz\u0119stochowskiej w budynku szpitala przy ul. Grodzkiej<\/h2>\n\n\n\n<p>Kaplica w tej, niegdy\u015b g\u0142\u00f3wnej, cz\u0119\u015bci szpitala by\u0142a kilkakrotnie przenoszona. Najpierw w latach trzydziestych XX wieku, ze wzgl\u0119du na jego rozbudow\u0119. Zlikwidowana w 1960 roku przez w\u0142adze komunistyczne powr\u00f3ci\u0142a pod koniec 1981 roku, wydzielona jako cz\u0119\u015b\u0107 holu w pawilonie pulmonologicznym. Nazywana &#8222;solidarno\u015bciow\u0105&#8221; funkcjonowa\u0142a do maja 2003 roku, gdy ostatecznie umieszczono j\u0105 na drugim pi\u0119trze budynku mieszcz\u0105cego Oddzia\u0142 Dermatologiczny, Oddzia\u0142 Medycyny Paliatywnej i Zak\u0142ad Opieku\u0144czo Leczniczy (dawna chirurgia).<\/p>\n\n\n\n<p>Obecnie kaplica otwarta jest przez ca\u0142\u0105 dob\u0119 i dost\u0119pna dla pacjent\u00f3w, personelu oraz odwiedzaj\u0105cych t\u0119 cz\u0119\u015b\u0107 szpitala. Jest miejscem modlitwy oraz sprawowania Liturgii Eucharystycznej.<\/p>\n\n\n\n<p><strong>Ze wzgl\u0119du na remont czasowo przeniesiona na \u015bwietlic\u0119 Oddzia\u0142u Medycyny Paliatywnej.<\/strong><\/p>\n\n\n\nngg_shortcode_0_placeholder\n","protected":false},"excerpt":{"rendered":"<p>Kaplica pod wezwaniem Matki Bo\u017cej Cz\u0119stochowskiej w budynku g\u0142\u00f3wnym szpitala Kaplica zosta\u0142a oddana do u\u017cytku w 1996 roku, po uko\u0144czeniu budowy nowego szpitala. Po\u015bwi\u0119cenia dokona\u0142 \u00f3wczesny ks. dziekan Tadeusz Buchowski, tu\u017c przed Uroczysto\u015bci\u0105 Bo\u017cego Narodzenia. Wystr\u00f3j \u015bwi\u0105tyni zosta\u0142 zaprojektowany przez s\u0105siad\u00f3w szpitala, artyst\u00f3w malarzy Pa\u0144stwo Palusi\u0144skich. Ich dzie\u0142o to tak\u017ce kopia obrazu Matki Boskiej Cz\u0119stochowskiej, [&hellip;]<\/p>\n","protected":false},"author":1,"featured_media":0,"parent":0,"menu_order":0,"comment_status":"closed","ping_status":"closed","template":"","meta":{"ngg_post_thumbnail":0,"footnotes":""},"class_list":["post-96","page","type-page","status-publish","hentry"],"_links":{"self":[{"href":"https:\/\/szpitalkrosno.przemyska.pl\/index.php\/wp-json\/wp\/v2\/pages\/96","targetHints":{"allow":["GET"]}}],"collection":[{"href":"https:\/\/szpitalkrosno.przemyska.pl\/index.php\/wp-json\/wp\/v2\/pages"}],"about":[{"href":"https:\/\/szpitalkrosno.przemyska.pl\/index.php\/wp-json\/wp\/v2\/types\/page"}],"author":[{"embeddable":true,"href":"https:\/\/szpitalkrosno.przemyska.pl\/index.php\/wp-json\/wp\/v2\/users\/1"}],"replies":[{"embeddable":true,"href":"https:\/\/szpitalkrosno.przemyska.pl\/index.php\/wp-json\/wp\/v2\/comments?post=96"}],"version-history":[{"count":15,"href":"https:\/\/szpitalkrosno.przemyska.pl\/index.php\/wp-json\/wp\/v2\/pages\/96\/revisions"}],"predecessor-version":[{"id":250,"href":"https:\/\/szpitalkrosno.przemyska.pl\/index.php\/wp-json\/wp\/v2\/pages\/96\/revisions\/250"}],"wp:attachment":[{"href":"https:\/\/szpitalkrosno.przemyska.pl\/index.php\/wp-json\/wp\/v2\/media?parent=96"}],"curies":[{"name":"wp","href":"https:\/\/api.w.org\/{rel}","templated":true}]}}